{"id":1346,"date":"2026-02-20T21:42:28","date_gmt":"2026-02-20T18:42:28","guid":{"rendered":"https:\/\/tabildot.com.tr\/marketrisk\/?page_id=1346"},"modified":"2026-02-20T22:10:04","modified_gmt":"2026-02-20T19:10:04","slug":"destek","status":"publish","type":"page","link":"https:\/\/tabildot.com.tr\/marketrisk\/destek","title":{"rendered":"Market Risk\u2019i Destekleyin"},"content":{"rendered":"<p data-path-to-node=\"5\"><b data-path-to-node=\"5\" data-index-in-node=\"0\">Ba\u011f\u0131ms\u0131z Analiz, \u015eeffaf Veri, Nitelikli \u0130\u00e7erik.<\/b><\/p>\n<p data-path-to-node=\"6\">Market Risk platformunda amac\u0131m; karma\u015f\u0131k piyasa verilerini, bilan\u00e7o analizlerini ve faaliyet raporlar\u0131n\u0131 herkesin anlayabilece\u011fi, tarafs\u0131z ve derinlikli bir bak\u0131\u015f a\u00e7\u0131s\u0131yla sunmakt\u0131r. Bu i\u00e7eriklerin haz\u0131rlanmas\u0131; uzun ara\u015ft\u0131rma s\u00fcre\u00e7leri, veri setlerinin incelenmesi ve yo\u011fun bir emek gerektiriyor.<\/p>\n<p data-path-to-node=\"8\">E\u011fer sundu\u011fum analizlerin finansal kararlar\u0131n\u0131za \u0131\u015f\u0131k tuttu\u011funu, size zaman kazand\u0131rd\u0131\u011f\u0131n\u0131 veya bak\u0131\u015f a\u00e7\u0131n\u0131z\u0131 geni\u015fletti\u011fini d\u00fc\u015f\u00fcn\u00fcyorsan\u0131z; bu yolculu\u011fun s\u00fcrd\u00fcr\u00fclebilir olmas\u0131na katk\u0131da bulunabilirsiniz.<\/p>\n<p><button swg-standard-button=\"contribution\"><\/button><\/p>\n<p data-path-to-node=\"9\">Yapaca\u011f\u0131n\u0131z her katk\u0131, Market Risk\u2019in ba\u011f\u0131ms\u0131z kalmas\u0131n\u0131 ve daha kaliteli i\u00e7eriklere (yapay zeka destekli analizler, \u00f6zel veri tablolar\u0131 ve derinlemesine raporlar) yat\u0131r\u0131m yapmam\u0131 sa\u011flayacakt\u0131r.<\/p>\n<p data-path-to-node=\"15\"><b data-path-to-node=\"15\" data-index-in-node=\"0\">Neden Google ile Destekle?<\/b><\/p>\n<ol>\n<li data-path-to-node=\"16,0,0\"><b data-path-to-node=\"16,0,0\" data-index-in-node=\"0\">G\u00fcvenli:<\/b> \u00d6demeleriniz tamamen Google altyap\u0131s\u0131yla ve g\u00fcvencesiyle ger\u00e7ekle\u015ftirilir.<\/li>\n<li data-path-to-node=\"16,1,0\"><b data-path-to-node=\"16,1,0\" data-index-in-node=\"0\">H\u0131zl\u0131:<\/b> Kredi kart\u0131 bilgilerinizi siteyle payla\u015fman\u0131za gerek kalmadan, Google hesab\u0131n\u0131za tan\u0131ml\u0131 y\u00f6ntemlerle tek t\u0131kla i\u015flem yapabilirsiniz.<\/li>\n<li data-path-to-node=\"16,2,0\"><b data-path-to-node=\"16,2,0\" data-index-in-node=\"0\">Esnek:<\/b> Katk\u0131n\u0131z\u0131n miktar\u0131n\u0131 ve s\u0131kl\u0131\u011f\u0131n\u0131 tamamen siz belirlersiniz.<\/li>\n<\/ol>\n<p data-path-to-node=\"17\"><i data-path-to-node=\"17\" data-index-in-node=\"0\">Deste\u011finiz ve ilginiz i\u00e7in te\u015fekk\u00fcr ederim.<\/i><\/p>\n<p data-path-to-node=\"18\"><b data-path-to-node=\"18\" data-index-in-node=\"0\">\u2014 Market Risk<\/b><\/p>\n","protected":false},"excerpt":{"rendered":"<p>Ba\u011f\u0131ms\u0131z Analiz, \u015eeffaf Veri, Nitelikli \u0130\u00e7erik. Market Risk platformunda amac\u0131m; karma\u015f\u0131k piyasa verilerini, bilan\u00e7o analizlerini ve faaliyet raporlar\u0131n\u0131 herkesin anlayabilece\u011fi, tarafs\u0131z ve derinlikli bir bak\u0131\u015f a\u00e7\u0131s\u0131yla sunmakt\u0131r. Bu i\u00e7eriklerin haz\u0131rlanmas\u0131; uzun ara\u015ft\u0131rma s\u00fcre\u00e7leri, veri setlerinin incelenmesi ve yo\u011fun bir emek&#8230; <\/p>\n","protected":false},"author":1,"featured_media":1349,"parent":0,"menu_order":0,"comment_status":"closed","ping_status":"closed","template":"","meta":{"footnotes":""},"class_list":["post-1346","page","type-page","status-publish","has-post-thumbnail","hentry"],"_links":{"self":[{"href":"https:\/\/tabildot.com.tr\/marketrisk\/wp-json\/wp\/v2\/pages\/1346","targetHints":{"allow":["GET"]}}],"collection":[{"href":"https:\/\/tabildot.com.tr\/marketrisk\/wp-json\/wp\/v2\/pages"}],"about":[{"href":"https:\/\/tabildot.com.tr\/marketrisk\/wp-json\/wp\/v2\/types\/page"}],"author":[{"embeddable":true,"href":"https:\/\/tabildot.com.tr\/marketrisk\/wp-json\/wp\/v2\/users\/1"}],"replies":[{"embeddable":true,"href":"https:\/\/tabildot.com.tr\/marketrisk\/wp-json\/wp\/v2\/comments?post=1346"}],"version-history":[{"count":13,"href":"https:\/\/tabildot.com.tr\/marketrisk\/wp-json\/wp\/v2\/pages\/1346\/revisions"}],"predecessor-version":[{"id":1360,"href":"https:\/\/tabildot.com.tr\/marketrisk\/wp-json\/wp\/v2\/pages\/1346\/revisions\/1360"}],"wp:featuredmedia":[{"embeddable":true,"href":"https:\/\/tabildot.com.tr\/marketrisk\/wp-json\/wp\/v2\/media\/1349"}],"wp:attachment":[{"href":"https:\/\/tabildot.com.tr\/marketrisk\/wp-json\/wp\/v2\/media?parent=1346"}],"curies":[{"name":"wp","href":"https:\/\/api.w.org\/{rel}","templated":true}]}}