{"id":79,"date":"2025-12-17T16:30:37","date_gmt":"2025-12-17T13:30:37","guid":{"rendered":"https:\/\/tabildot.com.tr\/marketrisk\/?page_id=79"},"modified":"2025-12-17T16:33:24","modified_gmt":"2025-12-17T13:33:24","slug":"yasal-uyari-sorumluluk-reddi-disclaimer","status":"publish","type":"page","link":"https:\/\/tabildot.com.tr\/marketrisk\/yasal-uyari-sorumluluk-reddi-disclaimer","title":{"rendered":"Yasal Uyar\u0131 \u2013 Sorumluluk Reddi (Disclaimer)"},"content":{"rendered":"<h1 data-original-attrs=\"{&quot;data-end&quot;:&quot;3610&quot;,&quot;data-start&quot;:&quot;3567&quot;}\"><strong data-original-attrs=\"{&quot;data-end&quot;:&quot;3610&quot;,&quot;data-start&quot;:&quot;3569&quot;}\">Yasal Uyar\u0131 (Disclaimer) \u2013 MarketRisk<\/strong><\/h1>\n<p data-original-attrs=\"{&quot;data-end&quot;:&quot;3641&quot;,&quot;data-start&quot;:&quot;3612&quot;}\"><strong data-original-attrs=\"{&quot;data-end&quot;:&quot;3641&quot;,&quot;data-start&quot;:&quot;3612&quot;}\">Son G\u00fcncelleme: 22.11.2025<\/strong><\/p>\n<p data-original-attrs=\"{&quot;data-end&quot;:&quot;3791&quot;,&quot;data-start&quot;:&quot;3643&quot;}\">Bu web sitesinde yer alan t\u00fcm i\u00e7erikler\u00a0<strong data-original-attrs=\"{&quot;data-end&quot;:&quot;3710&quot;,&quot;data-start&quot;:&quot;3683&quot;}\">bilgilendirme ama\u00e7l\u0131d\u0131r<\/strong>.<br data-original-attrs=\"{&quot;data-end&quot;:&quot;3714&quot;,&quot;data-start&quot;:&quot;3711&quot;}\" \/>MarketRisk, hi\u00e7bir \u015fekilde yat\u0131r\u0131m, finans, vergi veya hukuki tavsiye sunmaz.<\/p>\n<hr data-original-attrs=\"{&quot;data-end&quot;:&quot;3796&quot;,&quot;data-start&quot;:&quot;3793&quot;}\" \/>\n<h2 data-original-attrs=\"{&quot;data-end&quot;:&quot;3834&quot;,&quot;data-start&quot;:&quot;3798&quot;}\"><strong data-original-attrs=\"{&quot;data-end&quot;:&quot;3834&quot;,&quot;data-start&quot;:&quot;3801&quot;}\">1. Yat\u0131r\u0131m Tavsiyesi De\u011fildir<\/strong><\/h2>\n<p data-original-attrs=\"{&quot;data-end&quot;:&quot;3844&quot;,&quot;data-start&quot;:&quot;3835&quot;}\">Sitedeki:<\/p>\n<ul data-original-attrs=\"{&quot;data-end&quot;:&quot;3949&quot;,&quot;data-start&quot;:&quot;3845&quot;}\">\n<li data-original-attrs=\"{&quot;data-end&quot;:&quot;3858&quot;,&quot;data-start&quot;:&quot;3845&quot;}\">\n<p data-original-attrs=\"{&quot;data-end&quot;:&quot;3858&quot;,&quot;data-start&quot;:&quot;3847&quot;}\">Grafikler<\/p>\n<\/li>\n<li data-original-attrs=\"{&quot;data-end&quot;:&quot;3872&quot;,&quot;data-start&quot;:&quot;3859&quot;}\">\n<p data-original-attrs=\"{&quot;data-end&quot;:&quot;3872&quot;,&quot;data-start&quot;:&quot;3861&quot;}\">Analizler<\/p>\n<\/li>\n<li data-original-attrs=\"{&quot;data-end&quot;:&quot;3891&quot;,&quot;data-start&quot;:&quot;3873&quot;}\">\n<p data-original-attrs=\"{&quot;data-end&quot;:&quot;3891&quot;,&quot;data-start&quot;:&quot;3875&quot;}\">Haber \u00f6zetleri<\/p>\n<\/li>\n<li data-original-attrs=\"{&quot;data-end&quot;:&quot;3912&quot;,&quot;data-start&quot;:&quot;3892&quot;}\">\n<p data-original-attrs=\"{&quot;data-end&quot;:&quot;3912&quot;,&quot;data-start&quot;:&quot;3894&quot;}\">Piyasa yorumlar\u0131<\/p>\n<\/li>\n<li data-original-attrs=\"{&quot;data-end&quot;:&quot;3949&quot;,&quot;data-start&quot;:&quot;3913&quot;}\">\n<p data-original-attrs=\"{&quot;data-end&quot;:&quot;3949&quot;,&quot;data-start&quot;:&quot;3915&quot;}\">Teknik ve temel de\u011ferlendirmeler<\/p>\n<\/li>\n<\/ul>\n<p data-original-attrs=\"{&quot;data-end&quot;:&quot;4009&quot;,&quot;data-start&quot;:&quot;3951&quot;}\"><strong data-original-attrs=\"{&quot;data-end&quot;:&quot;4009&quot;,&quot;data-start&quot;:&quot;3951&quot;}\">SPK lisansl\u0131 yat\u0131r\u0131m dan\u0131\u015fmanl\u0131\u011f\u0131 kapsam\u0131nda de\u011fildir.<\/strong><\/p>\n<p data-original-attrs=\"{&quot;data-end&quot;:&quot;4069&quot;,&quot;data-start&quot;:&quot;4011&quot;}\">Yat\u0131r\u0131m kararlar\u0131, kullan\u0131c\u0131lar\u0131n kendi sorumlulu\u011fundad\u0131r.<\/p>\n<hr data-original-attrs=\"{&quot;data-end&quot;:&quot;4074&quot;,&quot;data-start&quot;:&quot;4071&quot;}\" \/>\n<h2 data-original-attrs=\"{&quot;data-end&quot;:&quot;4106&quot;,&quot;data-start&quot;:&quot;4076&quot;}\"><strong data-original-attrs=\"{&quot;data-end&quot;:&quot;4106&quot;,&quot;data-start&quot;:&quot;4079&quot;}\">2. Bilgilerin Do\u011frulu\u011fu<\/strong><\/h2>\n<p data-original-attrs=\"{&quot;data-end&quot;:&quot;4154&quot;,&quot;data-start&quot;:&quot;4107&quot;}\">Bilgiler g\u00fcvenilir kaynaklardan derlenir ancak:<\/p>\n<ul data-original-attrs=\"{&quot;data-end&quot;:&quot;4226&quot;,&quot;data-start&quot;:&quot;4155&quot;}\">\n<li data-original-attrs=\"{&quot;data-end&quot;:&quot;4172&quot;,&quot;data-start&quot;:&quot;4155&quot;}\">\n<p data-original-attrs=\"{&quot;data-end&quot;:&quot;4172&quot;,&quot;data-start&quot;:&quot;4157&quot;}\">%100 do\u011fruluk<\/p>\n<\/li>\n<li data-original-attrs=\"{&quot;data-end&quot;:&quot;4185&quot;,&quot;data-start&quot;:&quot;4173&quot;}\">\n<p data-original-attrs=\"{&quot;data-end&quot;:&quot;4185&quot;,&quot;data-start&quot;:&quot;4175&quot;}\">Kesinlik<\/p>\n<\/li>\n<li data-original-attrs=\"{&quot;data-end&quot;:&quot;4226&quot;,&quot;data-start&quot;:&quot;4186&quot;}\">\n<p data-original-attrs=\"{&quot;data-end&quot;:&quot;4226&quot;,&quot;data-start&quot;:&quot;4188&quot;}\">Gelecek performans garantisi<br data-original-attrs=\"{&quot;data-end&quot;:&quot;4219&quot;,&quot;data-start&quot;:&quot;4216&quot;}\" \/>vermez.<\/p>\n<\/li>\n<\/ul>\n<hr data-original-attrs=\"{&quot;data-end&quot;:&quot;4231&quot;,&quot;data-start&quot;:&quot;4228&quot;}\" \/>\n<h2 data-original-attrs=\"{&quot;data-end&quot;:&quot;4257&quot;,&quot;data-start&quot;:&quot;4233&quot;}\"><strong data-original-attrs=\"{&quot;data-end&quot;:&quot;4257&quot;,&quot;data-start&quot;:&quot;4236&quot;}\">3. Risk Bildirimi<\/strong><\/h2>\n<p data-original-attrs=\"{&quot;data-end&quot;:&quot;4365&quot;,&quot;data-start&quot;:&quot;4258&quot;}\">Finansal piyasalarda i\u015flem yapmak y\u00fcksek risk i\u00e7erir.<br data-original-attrs=\"{&quot;data-end&quot;:&quot;4314&quot;,&quot;data-start&quot;:&quot;4311&quot;}\" \/>Kazan\u00e7 kadar\u00a0<strong data-original-attrs=\"{&quot;data-end&quot;:&quot;4365&quot;,&quot;data-start&quot;:&quot;4327&quot;}\">zarar etme riski de bulunmaktad\u0131r.<\/strong><\/p>\n<hr data-original-attrs=\"{&quot;data-end&quot;:&quot;4370&quot;,&quot;data-start&quot;:&quot;4367&quot;}\" \/>\n<h2 data-original-attrs=\"{&quot;data-end&quot;:&quot;4408&quot;,&quot;data-start&quot;:&quot;4372&quot;}\"><strong data-original-attrs=\"{&quot;data-end&quot;:&quot;4408&quot;,&quot;data-start&quot;:&quot;4375&quot;}\">4. Reklamlar ve Sponsorluklar<\/strong><\/h2>\n<p data-original-attrs=\"{&quot;data-end&quot;:&quot;4521&quot;,&quot;data-start&quot;:&quot;4409&quot;}\">Sitede Google AdSense ve \u00fc\u00e7\u00fcnc\u00fc taraf reklamlar\u0131 bulunabilir.<br data-original-attrs=\"{&quot;data-end&quot;:&quot;4473&quot;,&quot;data-start&quot;:&quot;4470&quot;}\" \/>Reklamlar\u0131n i\u00e7eri\u011finden reklam veren sorumludur.<\/p>\n<hr data-original-attrs=\"{&quot;data-end&quot;:&quot;4526&quot;,&quot;data-start&quot;:&quot;4523&quot;}\" \/>\n<h2 data-original-attrs=\"{&quot;data-end&quot;:&quot;4553&quot;,&quot;data-start&quot;:&quot;4528&quot;}\"><strong data-original-attrs=\"{&quot;data-end&quot;:&quot;4553&quot;,&quot;data-start&quot;:&quot;4531&quot;}\">5. D\u0131\u015f Ba\u011flant\u0131lar<\/strong><\/h2>\n<p data-original-attrs=\"{&quot;data-end&quot;:&quot;4692&quot;,&quot;data-start&quot;:&quot;4554&quot;}\">Harici web sitelerine verilen ba\u011flant\u0131lar yaln\u0131zca bilgilendirme ama\u00e7l\u0131d\u0131r.<br data-original-attrs=\"{&quot;data-end&quot;:&quot;4632&quot;,&quot;data-start&quot;:&quot;4629&quot;}\" \/>Bu sitelerin g\u00fcvenli\u011finden veya i\u00e7eri\u011finden sorumlu de\u011filiz.<\/p>\n<hr data-original-attrs=\"{&quot;data-end&quot;:&quot;4697&quot;,&quot;data-start&quot;:&quot;4694&quot;}\" \/>\n<h2 data-original-attrs=\"{&quot;data-end&quot;:&quot;4726&quot;,&quot;data-start&quot;:&quot;4699&quot;}\"><strong data-original-attrs=\"{&quot;data-end&quot;:&quot;4726&quot;,&quot;data-start&quot;:&quot;4702&quot;}\">6. Sorumluluk S\u0131n\u0131r\u0131<\/strong><\/h2>\n<p data-original-attrs=\"{&quot;data-end&quot;:&quot;4791&quot;,&quot;data-start&quot;:&quot;4727&quot;}\">MarketRisk, do\u011frudan veya dolayl\u0131 zararlardan sorumlu tutulamaz.<\/p>\n<hr data-original-attrs=\"{&quot;data-end&quot;:&quot;4796&quot;,&quot;data-start&quot;:&quot;4793&quot;}\" \/>\n<h2 data-original-attrs=\"{&quot;data-end&quot;:&quot;4821&quot;,&quot;data-start&quot;:&quot;4798&quot;}\"><strong data-original-attrs=\"{&quot;data-end&quot;:&quot;4821&quot;,&quot;data-start&quot;:&quot;4801&quot;}\">7. De\u011fi\u015fiklikler<\/strong><\/h2>\n<p data-original-attrs=\"{&quot;data-end&quot;:&quot;4904&quot;,&quot;data-start&quot;:&quot;4822&quot;}\">Bu uyar\u0131 gerekti\u011finde g\u00fcncellenebilir.<br data-original-attrs=\"{&quot;data-end&quot;:&quot;4863&quot;,&quot;data-start&quot;:&quot;4860&quot;}\" \/>En g\u00fcncel versiyon bu sayfada yay\u0131mlan\u0131r.<\/p>\n","protected":false},"excerpt":{"rendered":"<p>Yasal Uyar\u0131 (Disclaimer) \u2013 MarketRisk Son G\u00fcncelleme: 22.11.2025 Bu web sitesinde yer alan t\u00fcm i\u00e7erikler\u00a0bilgilendirme ama\u00e7l\u0131d\u0131r.MarketRisk, hi\u00e7bir \u015fekilde yat\u0131r\u0131m, finans, vergi veya hukuki tavsiye sunmaz. 1. Yat\u0131r\u0131m Tavsiyesi De\u011fildir Sitedeki: Grafikler Analizler Haber \u00f6zetleri Piyasa yorumlar\u0131 Teknik ve temel de\u011ferlendirmeler&#8230; <\/p>\n","protected":false},"author":1,"featured_media":0,"parent":0,"menu_order":0,"comment_status":"closed","ping_status":"closed","template":"","meta":{"footnotes":""},"class_list":["post-79","page","type-page","status-publish","hentry"],"_links":{"self":[{"href":"https:\/\/tabildot.com.tr\/marketrisk\/wp-json\/wp\/v2\/pages\/79","targetHints":{"allow":["GET"]}}],"collection":[{"href":"https:\/\/tabildot.com.tr\/marketrisk\/wp-json\/wp\/v2\/pages"}],"about":[{"href":"https:\/\/tabildot.com.tr\/marketrisk\/wp-json\/wp\/v2\/types\/page"}],"author":[{"embeddable":true,"href":"https:\/\/tabildot.com.tr\/marketrisk\/wp-json\/wp\/v2\/users\/1"}],"replies":[{"embeddable":true,"href":"https:\/\/tabildot.com.tr\/marketrisk\/wp-json\/wp\/v2\/comments?post=79"}],"version-history":[{"count":2,"href":"https:\/\/tabildot.com.tr\/marketrisk\/wp-json\/wp\/v2\/pages\/79\/revisions"}],"predecessor-version":[{"id":91,"href":"https:\/\/tabildot.com.tr\/marketrisk\/wp-json\/wp\/v2\/pages\/79\/revisions\/91"}],"wp:attachment":[{"href":"https:\/\/tabildot.com.tr\/marketrisk\/wp-json\/wp\/v2\/media?parent=79"}],"curies":[{"name":"wp","href":"https:\/\/api.w.org\/{rel}","templated":true}]}}