{"id":81,"date":"2025-12-17T16:31:14","date_gmt":"2025-12-17T13:31:14","guid":{"rendered":"https:\/\/tabildot.com.tr\/marketrisk\/?page_id=81"},"modified":"2025-12-17T16:31:14","modified_gmt":"2025-12-17T13:31:14","slug":"kullanim-sartlari-terms-of-service","status":"publish","type":"page","link":"https:\/\/tabildot.com.tr\/marketrisk\/kullanim-sartlari-terms-of-service","title":{"rendered":"Kullan\u0131m \u015eartlar\u0131 (Terms of Service)"},"content":{"rendered":"<h1 data-original-attrs=\"{&quot;data-end&quot;:&quot;2038&quot;,&quot;data-start&quot;:&quot;2002&quot;}\"><strong data-original-attrs=\"{&quot;data-end&quot;:&quot;2038&quot;,&quot;data-start&quot;:&quot;2004&quot;}\">Kullan\u0131m \u015eartlar\u0131 \u2013 MarketRisk<\/strong><\/h1>\n<p data-original-attrs=\"{&quot;data-end&quot;:&quot;2069&quot;,&quot;data-start&quot;:&quot;2040&quot;}\"><strong data-original-attrs=\"{&quot;data-end&quot;:&quot;2069&quot;,&quot;data-start&quot;:&quot;2040&quot;}\">Son G\u00fcncelleme: 22.11.2025<\/strong><\/p>\n<p data-original-attrs=\"{&quot;data-end&quot;:&quot;2142&quot;,&quot;data-start&quot;:&quot;2071&quot;}\">Bu web sitesini kullanarak a\u015fa\u011f\u0131daki \u015fartlar\u0131 kabul etmi\u015f say\u0131l\u0131rs\u0131n\u0131z.<\/p>\n<hr data-original-attrs=\"{&quot;data-end&quot;:&quot;2147&quot;,&quot;data-start&quot;:&quot;2144&quot;}\" \/>\n<h2 data-original-attrs=\"{&quot;data-end&quot;:&quot;2173&quot;,&quot;data-start&quot;:&quot;2149&quot;}\"><strong data-original-attrs=\"{&quot;data-end&quot;:&quot;2173&quot;,&quot;data-start&quot;:&quot;2152&quot;}\">1. Hizmetin Amac\u0131<\/strong><\/h2>\n<p data-original-attrs=\"{&quot;data-end&quot;:&quot;2356&quot;,&quot;data-start&quot;:&quot;2174&quot;}\">MarketRisk, finansal piyasalar, teknik analizler, ekonomik veriler ve piyasa yorumlar\u0131 hakk\u0131nda bilgilendirme ama\u00e7l\u0131 i\u00e7erik sunar.<br data-original-attrs=\"{&quot;data-end&quot;:&quot;2307&quot;,&quot;data-start&quot;:&quot;2304&quot;}\" \/>Buradaki bilgiler\u00a0<strong data-original-attrs=\"{&quot;data-end&quot;:&quot;2355&quot;,&quot;data-start&quot;:&quot;2325&quot;}\">yat\u0131r\u0131m tavsiyesi de\u011fildir<\/strong>.<\/p>\n<hr data-original-attrs=\"{&quot;data-end&quot;:&quot;2361&quot;,&quot;data-start&quot;:&quot;2358&quot;}\" \/>\n<h2 data-original-attrs=\"{&quot;data-end&quot;:&quot;2397&quot;,&quot;data-start&quot;:&quot;2363&quot;}\"><strong data-original-attrs=\"{&quot;data-end&quot;:&quot;2397&quot;,&quot;data-start&quot;:&quot;2366&quot;}\">2. Kullan\u0131c\u0131 Sorumluluklar\u0131<\/strong><\/h2>\n<p data-original-attrs=\"{&quot;data-end&quot;:&quot;2411&quot;,&quot;data-start&quot;:&quot;2398&quot;}\">Kullan\u0131c\u0131lar:<\/p>\n<ul data-original-attrs=\"{&quot;data-end&quot;:&quot;2545&quot;,&quot;data-start&quot;:&quot;2412&quot;}\">\n<li data-original-attrs=\"{&quot;data-end&quot;:&quot;2454&quot;,&quot;data-start&quot;:&quot;2412&quot;}\">\n<p data-original-attrs=\"{&quot;data-end&quot;:&quot;2454&quot;,&quot;data-start&quot;:&quot;2414&quot;}\">Siteyi yasal s\u0131n\u0131rlar i\u00e7inde kullanmak<\/p>\n<\/li>\n<li data-original-attrs=\"{&quot;data-end&quot;:&quot;2497&quot;,&quot;data-start&quot;:&quot;2455&quot;}\">\n<p data-original-attrs=\"{&quot;data-end&quot;:&quot;2497&quot;,&quot;data-start&quot;:&quot;2457&quot;}\">Siteye zarar verecek i\u015flemler yapmamak<\/p>\n<\/li>\n<li data-original-attrs=\"{&quot;data-end&quot;:&quot;2545&quot;,&quot;data-start&quot;:&quot;2498&quot;}\">\n<p data-original-attrs=\"{&quot;data-end&quot;:&quot;2545&quot;,&quot;data-start&quot;:&quot;2500&quot;}\">Yan\u0131lt\u0131c\u0131 bilgi g\u00f6ndermemek<br data-original-attrs=\"{&quot;data-end&quot;:&quot;2530&quot;,&quot;data-start&quot;:&quot;2527&quot;}\" \/>ile y\u00fck\u00fcml\u00fcd\u00fcr.<\/p>\n<\/li>\n<\/ul>\n<hr data-original-attrs=\"{&quot;data-end&quot;:&quot;2550&quot;,&quot;data-start&quot;:&quot;2547&quot;}\" \/>\n<h2 data-original-attrs=\"{&quot;data-end&quot;:&quot;2580&quot;,&quot;data-start&quot;:&quot;2552&quot;}\"><strong data-original-attrs=\"{&quot;data-end&quot;:&quot;2580&quot;,&quot;data-start&quot;:&quot;2555&quot;}\">3. \u0130\u00e7erik Sorumlulu\u011fu<\/strong><\/h2>\n<p data-original-attrs=\"{&quot;data-end&quot;:&quot;2597&quot;,&quot;data-start&quot;:&quot;2581&quot;}\">Sitede yer alan:<\/p>\n<ul data-original-attrs=\"{&quot;data-end&quot;:&quot;2666&quot;,&quot;data-start&quot;:&quot;2598&quot;}\">\n<li data-original-attrs=\"{&quot;data-end&quot;:&quot;2611&quot;,&quot;data-start&quot;:&quot;2598&quot;}\">\n<p data-original-attrs=\"{&quot;data-end&quot;:&quot;2611&quot;,&quot;data-start&quot;:&quot;2600&quot;}\">Analizler<\/p>\n<\/li>\n<li data-original-attrs=\"{&quot;data-end&quot;:&quot;2625&quot;,&quot;data-start&quot;:&quot;2612&quot;}\">\n<p data-original-attrs=\"{&quot;data-end&quot;:&quot;2625&quot;,&quot;data-start&quot;:&quot;2614&quot;}\">Tahminler<\/p>\n<\/li>\n<li data-original-attrs=\"{&quot;data-end&quot;:&quot;2638&quot;,&quot;data-start&quot;:&quot;2626&quot;}\">\n<p data-original-attrs=\"{&quot;data-end&quot;:&quot;2638&quot;,&quot;data-start&quot;:&quot;2628&quot;}\">Haberler<\/p>\n<\/li>\n<li data-original-attrs=\"{&quot;data-end&quot;:&quot;2666&quot;,&quot;data-start&quot;:&quot;2639&quot;}\">\n<p data-original-attrs=\"{&quot;data-end&quot;:&quot;2666&quot;,&quot;data-start&quot;:&quot;2641&quot;}\">Teknik de\u011ferlendirmeler<\/p>\n<\/li>\n<\/ul>\n<p data-original-attrs=\"{&quot;data-end&quot;:&quot;2704&quot;,&quot;data-start&quot;:&quot;2668&quot;}\"><strong data-original-attrs=\"{&quot;data-end&quot;:&quot;2704&quot;,&quot;data-start&quot;:&quot;2668&quot;}\">genel bilgilendirme amac\u0131 ta\u015f\u0131r.<\/strong><\/p>\n<p data-original-attrs=\"{&quot;data-end&quot;:&quot;2720&quot;,&quot;data-start&quot;:&quot;2706&quot;}\">Hi\u00e7bir i\u00e7erik:<\/p>\n<ul data-original-attrs=\"{&quot;data-end&quot;:&quot;2798&quot;,&quot;data-start&quot;:&quot;2721&quot;}\">\n<li data-original-attrs=\"{&quot;data-end&quot;:&quot;2753&quot;,&quot;data-start&quot;:&quot;2721&quot;}\">\n<p data-original-attrs=\"{&quot;data-end&quot;:&quot;2753&quot;,&quot;data-start&quot;:&quot;2723&quot;}\">Kesin sonu\u00e7 garantisi sunmaz<\/p>\n<\/li>\n<li data-original-attrs=\"{&quot;data-end&quot;:&quot;2798&quot;,&quot;data-start&quot;:&quot;2754&quot;}\">\n<p data-original-attrs=\"{&quot;data-end&quot;:&quot;2798&quot;,&quot;data-start&quot;:&quot;2756&quot;}\">Mali, hukuki, yat\u0131r\u0131m tavsiyesi de\u011fildir<\/p>\n<\/li>\n<\/ul>\n<hr data-original-attrs=\"{&quot;data-end&quot;:&quot;2803&quot;,&quot;data-start&quot;:&quot;2800&quot;}\" \/>\n<h2 data-original-attrs=\"{&quot;data-end&quot;:&quot;2828&quot;,&quot;data-start&quot;:&quot;2805&quot;}\"><strong data-original-attrs=\"{&quot;data-end&quot;:&quot;2828&quot;,&quot;data-start&quot;:&quot;2808&quot;}\">4. Telif Haklar\u0131<\/strong><\/h2>\n<p data-original-attrs=\"{&quot;data-end&quot;:&quot;2948&quot;,&quot;data-start&quot;:&quot;2829&quot;}\">Sitedeki t\u00fcm metinler, grafikler, tasar\u0131mlar ve logosu\u00a0<strong data-original-attrs=\"{&quot;data-end&quot;:&quot;2917&quot;,&quot;data-start&quot;:&quot;2884&quot;}\">telif hakk\u0131 ile korunmaktad\u0131r<\/strong>.<br data-original-attrs=\"{&quot;data-end&quot;:&quot;2921&quot;,&quot;data-start&quot;:&quot;2918&quot;}\" \/>\u0130zinsiz kopyalama yasakt\u0131r.<\/p>\n<hr data-original-attrs=\"{&quot;data-end&quot;:&quot;2953&quot;,&quot;data-start&quot;:&quot;2950&quot;}\" \/>\n<h2 data-original-attrs=\"{&quot;data-end&quot;:&quot;2990&quot;,&quot;data-start&quot;:&quot;2955&quot;}\"><strong data-original-attrs=\"{&quot;data-end&quot;:&quot;2990&quot;,&quot;data-start&quot;:&quot;2958&quot;}\">5. \u00dc\u00e7\u00fcnc\u00fc Taraf Ba\u011flant\u0131lar\u0131<\/strong><\/h2>\n<p data-original-attrs=\"{&quot;data-end&quot;:&quot;3069&quot;,&quot;data-start&quot;:&quot;2991&quot;}\">Sitede d\u0131\u015f linkler bulunabilir.<br data-original-attrs=\"{&quot;data-end&quot;:&quot;3025&quot;,&quot;data-start&quot;:&quot;3022&quot;}\" \/>Bu sitelerin i\u00e7eriklerinden sorumlu de\u011filiz.<\/p>\n<hr data-original-attrs=\"{&quot;data-end&quot;:&quot;3074&quot;,&quot;data-start&quot;:&quot;3071&quot;}\" \/>\n<h2 data-original-attrs=\"{&quot;data-end&quot;:&quot;3095&quot;,&quot;data-start&quot;:&quot;3076&quot;}\"><strong data-original-attrs=\"{&quot;data-end&quot;:&quot;3095&quot;,&quot;data-start&quot;:&quot;3079&quot;}\">6. Reklamlar<\/strong><\/h2>\n<p data-original-attrs=\"{&quot;data-end&quot;:&quot;3200&quot;,&quot;data-start&quot;:&quot;3096&quot;}\">Google AdSense gibi reklam servisleri kullan\u0131labilir.<br data-original-attrs=\"{&quot;data-end&quot;:&quot;3152&quot;,&quot;data-start&quot;:&quot;3149&quot;}\" \/>Reklamlar\u0131n i\u00e7eri\u011finden reklam veren sorumludur.<\/p>\n<hr data-original-attrs=\"{&quot;data-end&quot;:&quot;3205&quot;,&quot;data-start&quot;:&quot;3202&quot;}\" \/>\n<h2 data-original-attrs=\"{&quot;data-end&quot;:&quot;3247&quot;,&quot;data-start&quot;:&quot;3207&quot;}\"><strong data-original-attrs=\"{&quot;data-end&quot;:&quot;3247&quot;,&quot;data-start&quot;:&quot;3210&quot;}\">7. Sorumlulu\u011fun S\u0131n\u0131rland\u0131r\u0131lmas\u0131<\/strong><\/h2>\n<p data-original-attrs=\"{&quot;data-end&quot;:&quot;3364&quot;,&quot;data-start&quot;:&quot;3248&quot;}\">MarketRisk, sitedeki bilgilerin kullan\u0131m\u0131ndan kaynaklanabilecek do\u011frudan veya dolayl\u0131 zararlardan sorumlu tutulamaz.<\/p>\n<hr data-original-attrs=\"{&quot;data-end&quot;:&quot;3369&quot;,&quot;data-start&quot;:&quot;3366&quot;}\" \/>\n<h2 data-original-attrs=\"{&quot;data-end&quot;:&quot;3397&quot;,&quot;data-start&quot;:&quot;3371&quot;}\"><strong data-original-attrs=\"{&quot;data-end&quot;:&quot;3397&quot;,&quot;data-start&quot;:&quot;3374&quot;}\">8. De\u011fi\u015fiklik Hakk\u0131<\/strong><\/h2>\n<p data-original-attrs=\"{&quot;data-end&quot;:&quot;3499&quot;,&quot;data-start&quot;:&quot;3398&quot;}\">Kullan\u0131m ko\u015fullar\u0131 herhangi bir zamanda de\u011fi\u015ftirilebilir.<br data-original-attrs=\"{&quot;data-end&quot;:&quot;3458&quot;,&quot;data-start&quot;:&quot;3455&quot;}\" \/>G\u00fcncellenmi\u015f s\u00fcr\u00fcm bu sayfada yay\u0131nlan\u0131r.<\/p>\n","protected":false},"excerpt":{"rendered":"<p>Kullan\u0131m \u015eartlar\u0131 \u2013 MarketRisk Son G\u00fcncelleme: 22.11.2025 Bu web sitesini kullanarak a\u015fa\u011f\u0131daki \u015fartlar\u0131 kabul etmi\u015f say\u0131l\u0131rs\u0131n\u0131z. 1. Hizmetin Amac\u0131 MarketRisk, finansal piyasalar, teknik analizler, ekonomik veriler ve piyasa yorumlar\u0131 hakk\u0131nda bilgilendirme ama\u00e7l\u0131 i\u00e7erik sunar.Buradaki bilgiler\u00a0yat\u0131r\u0131m tavsiyesi de\u011fildir. 2. Kullan\u0131c\u0131 Sorumluluklar\u0131&#8230; <\/p>\n","protected":false},"author":1,"featured_media":0,"parent":0,"menu_order":0,"comment_status":"closed","ping_status":"closed","template":"","meta":{"footnotes":""},"class_list":["post-81","page","type-page","status-publish","hentry"],"_links":{"self":[{"href":"https:\/\/tabildot.com.tr\/marketrisk\/wp-json\/wp\/v2\/pages\/81","targetHints":{"allow":["GET"]}}],"collection":[{"href":"https:\/\/tabildot.com.tr\/marketrisk\/wp-json\/wp\/v2\/pages"}],"about":[{"href":"https:\/\/tabildot.com.tr\/marketrisk\/wp-json\/wp\/v2\/types\/page"}],"author":[{"embeddable":true,"href":"https:\/\/tabildot.com.tr\/marketrisk\/wp-json\/wp\/v2\/users\/1"}],"replies":[{"embeddable":true,"href":"https:\/\/tabildot.com.tr\/marketrisk\/wp-json\/wp\/v2\/comments?post=81"}],"version-history":[{"count":1,"href":"https:\/\/tabildot.com.tr\/marketrisk\/wp-json\/wp\/v2\/pages\/81\/revisions"}],"predecessor-version":[{"id":82,"href":"https:\/\/tabildot.com.tr\/marketrisk\/wp-json\/wp\/v2\/pages\/81\/revisions\/82"}],"wp:attachment":[{"href":"https:\/\/tabildot.com.tr\/marketrisk\/wp-json\/wp\/v2\/media?parent=81"}],"curies":[{"name":"wp","href":"https:\/\/api.w.org\/{rel}","templated":true}]}}