{"id":83,"date":"2025-12-17T16:31:33","date_gmt":"2025-12-17T13:31:33","guid":{"rendered":"https:\/\/tabildot.com.tr\/marketrisk\/?page_id=83"},"modified":"2025-12-17T16:31:33","modified_gmt":"2025-12-17T13:31:33","slug":"cerez-politikasi-cookie-policy","status":"publish","type":"page","link":"https:\/\/tabildot.com.tr\/marketrisk\/cerez-politikasi-cookie-policy","title":{"rendered":"\u00c7erez Politikas\u0131 (Cookie Policy)"},"content":{"rendered":"<h1 data-original-attrs=\"{&quot;data-end&quot;:&quot;249&quot;,&quot;data-start&quot;:&quot;222&quot;}\"><strong data-original-attrs=\"{&quot;data-end&quot;:&quot;249&quot;,&quot;data-start&quot;:&quot;226&quot;}\">\u00c7erez Politikas\u0131<\/strong><\/h1>\n<p data-original-attrs=\"{&quot;data-end&quot;:&quot;284&quot;,&quot;data-start&quot;:&quot;251&quot;}\"><strong data-original-attrs=\"{&quot;data-end&quot;:&quot;284&quot;,&quot;data-start&quot;:&quot;251&quot;}\">\u00c7erez Politikas\u0131 \u2013 MarketRisk<\/strong><\/p>\n<p data-original-attrs=\"{&quot;data-end&quot;:&quot;315&quot;,&quot;data-start&quot;:&quot;286&quot;}\"><strong data-original-attrs=\"{&quot;data-end&quot;:&quot;315&quot;,&quot;data-start&quot;:&quot;286&quot;}\">Son G\u00fcncelleme: 22.11.2025<\/strong><\/p>\n<p data-original-attrs=\"{&quot;data-end&quot;:&quot;503&quot;,&quot;data-start&quot;:&quot;317&quot;}\">Bu \u00c7erez Politikas\u0131, MarketRisk web sitesinde kullan\u0131lan \u00e7erez t\u00fcrleri, \u00e7erezlerin nas\u0131l \u00e7al\u0131\u015ft\u0131\u011f\u0131 ve kullan\u0131c\u0131 olarak \u00e7erez tercihlerinizi nas\u0131l y\u00f6netebilece\u011finiz hakk\u0131nda bilgi sa\u011flar.<\/p>\n<hr data-original-attrs=\"{&quot;data-end&quot;:&quot;508&quot;,&quot;data-start&quot;:&quot;505&quot;}\" \/>\n<h2 data-original-attrs=\"{&quot;data-end&quot;:&quot;532&quot;,&quot;data-start&quot;:&quot;510&quot;}\"><strong data-original-attrs=\"{&quot;data-end&quot;:&quot;532&quot;,&quot;data-start&quot;:&quot;513&quot;}\">1. \u00c7erez Nedir?<\/strong><\/h2>\n<p data-original-attrs=\"{&quot;data-end&quot;:&quot;644&quot;,&quot;data-start&quot;:&quot;533&quot;}\">\u00c7erezler, bir web sitesini ziyaret etti\u011finizde taray\u0131c\u0131n\u0131za kaydedilen k\u00fc\u00e7\u00fck metin dosyalar\u0131d\u0131r.<br data-original-attrs=\"{&quot;data-end&quot;:&quot;632&quot;,&quot;data-start&quot;:&quot;629&quot;}\" \/>Bu dosyalar:<\/p>\n<ul data-original-attrs=\"{&quot;data-end&quot;:&quot;759&quot;,&quot;data-start&quot;:&quot;645&quot;}\">\n<li data-original-attrs=\"{&quot;data-end&quot;:&quot;682&quot;,&quot;data-start&quot;:&quot;645&quot;}\">\n<p data-original-attrs=\"{&quot;data-end&quot;:&quot;682&quot;,&quot;data-start&quot;:&quot;647&quot;}\">Kullan\u0131c\u0131 tercihlerini hat\u0131rlamak<\/p>\n<\/li>\n<li data-original-attrs=\"{&quot;data-end&quot;:&quot;712&quot;,&quot;data-start&quot;:&quot;683&quot;}\">\n<p data-original-attrs=\"{&quot;data-end&quot;:&quot;712&quot;,&quot;data-start&quot;:&quot;685&quot;}\">Site performans\u0131n\u0131 \u00f6l\u00e7mek<\/p>\n<\/li>\n<li data-original-attrs=\"{&quot;data-end&quot;:&quot;759&quot;,&quot;data-start&quot;:&quot;713&quot;}\">\n<p data-original-attrs=\"{&quot;data-end&quot;:&quot;759&quot;,&quot;data-start&quot;:&quot;715&quot;}\">Reklamlar\u0131 ki\u015fiselle\u015ftirmek i\u00e7in kullan\u0131l\u0131r.<\/p>\n<\/li>\n<\/ul>\n<hr data-original-attrs=\"{&quot;data-end&quot;:&quot;764&quot;,&quot;data-start&quot;:&quot;761&quot;}\" \/>\n<h2 data-original-attrs=\"{&quot;data-end&quot;:&quot;803&quot;,&quot;data-start&quot;:&quot;766&quot;}\"><strong data-original-attrs=\"{&quot;data-end&quot;:&quot;803&quot;,&quot;data-start&quot;:&quot;769&quot;}\">2. Kulland\u0131\u011f\u0131m\u0131z \u00c7erez T\u00fcrleri<\/strong><\/h2>\n<h3 data-original-attrs=\"{&quot;data-end&quot;:&quot;832&quot;,&quot;data-start&quot;:&quot;805&quot;}\"><strong data-original-attrs=\"{&quot;data-end&quot;:&quot;832&quot;,&quot;data-start&quot;:&quot;809&quot;}\">a) Zorunlu \u00c7erezler<\/strong><\/h3>\n<p data-original-attrs=\"{&quot;data-end&quot;:&quot;923&quot;,&quot;data-start&quot;:&quot;833&quot;}\">Sitenin \u00e7al\u0131\u015fmas\u0131 i\u00e7in gereklidir.<br data-original-attrs=\"{&quot;data-end&quot;:&quot;870&quot;,&quot;data-start&quot;:&quot;867&quot;}\" \/>Oturum a\u00e7ma, sayfa gezinme gibi fonksiyonlar\u0131 sa\u011flar.<\/p>\n<h3 data-original-attrs=\"{&quot;data-end&quot;:&quot;966&quot;,&quot;data-start&quot;:&quot;925&quot;}\"><strong data-original-attrs=\"{&quot;data-end&quot;:&quot;966&quot;,&quot;data-start&quot;:&quot;929&quot;}\">b) Performans ve Analiz \u00c7erezleri<\/strong><\/h3>\n<p data-original-attrs=\"{&quot;data-end&quot;:&quot;1054&quot;,&quot;data-start&quot;:&quot;967&quot;}\">Ziyaret\u00e7ilerin siteyi nas\u0131l kulland\u0131\u011f\u0131n\u0131 \u00f6l\u00e7mek i\u00e7in kullan\u0131l\u0131r (\u00f6r. Google Analytics).<\/p>\n<h3 data-original-attrs=\"{&quot;data-end&quot;:&quot;1100&quot;,&quot;data-start&quot;:&quot;1056&quot;}\"><strong data-original-attrs=\"{&quot;data-end&quot;:&quot;1100&quot;,&quot;data-start&quot;:&quot;1060&quot;}\">c) Reklam \u00c7erezleri (Google AdSense)<\/strong><\/h3>\n<p data-original-attrs=\"{&quot;data-end&quot;:&quot;1169&quot;,&quot;data-start&quot;:&quot;1101&quot;}\">Google ve \u00fc\u00e7\u00fcnc\u00fc taraf reklam sa\u011flay\u0131c\u0131lar\u0131 taraf\u0131ndan kullan\u0131l\u0131r.<\/p>\n<p data-original-attrs=\"{&quot;data-end&quot;:&quot;1250&quot;,&quot;data-start&quot;:&quot;1171&quot;}\">Google, reklamlar\u0131 ki\u015fiselle\u015ftirmek i\u00e7in\u00a0<strong data-original-attrs=\"{&quot;data-end&quot;:&quot;1236&quot;,&quot;data-start&quot;:&quot;1212&quot;}\">DoubleClick \u00e7erezini<\/strong>\u00a0kullanabilir.<\/p>\n<hr data-original-attrs=\"{&quot;data-end&quot;:&quot;1255&quot;,&quot;data-start&quot;:&quot;1252&quot;}\" \/>\n<h2 data-original-attrs=\"{&quot;data-end&quot;:&quot;1300&quot;,&quot;data-start&quot;:&quot;1257&quot;}\"><strong data-original-attrs=\"{&quot;data-end&quot;:&quot;1300&quot;,&quot;data-start&quot;:&quot;1260&quot;}\">3. \u00c7erezleri Nas\u0131l Y\u00f6netebilirsiniz?<\/strong><\/h2>\n<p data-original-attrs=\"{&quot;data-end&quot;:&quot;1327&quot;,&quot;data-start&quot;:&quot;1302&quot;}\">Taray\u0131c\u0131n\u0131zdan \u00e7erezleri:<\/p>\n<ul data-original-attrs=\"{&quot;data-end&quot;:&quot;1413&quot;,&quot;data-start&quot;:&quot;1328&quot;}\">\n<li data-original-attrs=\"{&quot;data-end&quot;:&quot;1346&quot;,&quot;data-start&quot;:&quot;1328&quot;}\">\n<p data-original-attrs=\"{&quot;data-end&quot;:&quot;1346&quot;,&quot;data-start&quot;:&quot;1330&quot;}\">Engelleyebilir<\/p>\n<\/li>\n<li data-original-attrs=\"{&quot;data-end&quot;:&quot;1360&quot;,&quot;data-start&quot;:&quot;1347&quot;}\">\n<p data-original-attrs=\"{&quot;data-end&quot;:&quot;1360&quot;,&quot;data-start&quot;:&quot;1349&quot;}\">Silebilir<\/p>\n<\/li>\n<li data-original-attrs=\"{&quot;data-end&quot;:&quot;1413&quot;,&quot;data-start&quot;:&quot;1361&quot;}\">\n<p data-original-attrs=\"{&quot;data-end&quot;:&quot;1413&quot;,&quot;data-start&quot;:&quot;1363&quot;}\">K\u0131smen veya tamamen devre d\u0131\u015f\u0131 b\u0131rakabilirsiniz.<\/p>\n<\/li>\n<\/ul>\n<p data-original-attrs=\"{&quot;data-end&quot;:&quot;1433&quot;,&quot;data-start&quot;:&quot;1415&quot;}\">Taray\u0131c\u0131 ayarlar\u0131:<\/p>\n<ul data-original-attrs=\"{&quot;data-end&quot;:&quot;1554&quot;,&quot;data-start&quot;:&quot;1434&quot;}\">\n<li data-original-attrs=\"{&quot;data-end&quot;:&quot;1488&quot;,&quot;data-start&quot;:&quot;1434&quot;}\">\n<p data-original-attrs=\"{&quot;data-end&quot;:&quot;1488&quot;,&quot;data-start&quot;:&quot;1436&quot;}\">Chrome \u2192 Ayarlar \u2192 Gizlilik ve G\u00fcvenlik \u2192 \u00c7erezler<\/p>\n<\/li>\n<li data-original-attrs=\"{&quot;data-end&quot;:&quot;1524&quot;,&quot;data-start&quot;:&quot;1489&quot;}\">\n<p data-original-attrs=\"{&quot;data-end&quot;:&quot;1524&quot;,&quot;data-start&quot;:&quot;1491&quot;}\">Firefox \u2192 Se\u00e7enekler \u2192 Gizlilik<\/p>\n<\/li>\n<li data-original-attrs=\"{&quot;data-end&quot;:&quot;1554&quot;,&quot;data-start&quot;:&quot;1525&quot;}\">\n<p data-original-attrs=\"{&quot;data-end&quot;:&quot;1554&quot;,&quot;data-start&quot;:&quot;1527&quot;}\">Edge \u2192 Ayarlar \u2192 \u00c7erezler<\/p>\n<\/li>\n<\/ul>\n<p data-original-attrs=\"{&quot;data-end&quot;:&quot;1655&quot;,&quot;data-start&quot;:&quot;1556&quot;}\">Google reklamlar\u0131n\u0131n ki\u015fiselle\u015ftirilmesini kapatmak i\u00e7in:<br data-original-attrs=\"{&quot;data-end&quot;:&quot;1616&quot;,&quot;data-start&quot;:&quot;1613&quot;}\" \/><strong data-original-attrs=\"{&quot;data-end&quot;:&quot;1655&quot;,&quot;data-start&quot;:&quot;1616&quot;}\"><a class=\"decorated-link\" href=\"https:\/\/draft.blogger.com\/blog\/page\/edit\/6921428206660593635\/2835167025038101881#\" rel=\"noopener\" data-original-attrs=\"{&quot;data-original-href&quot;:&quot;https:\/\/www.google.com\/settings\/ads&quot;,&quot;data-end&quot;:&quot;1653&quot;,&quot;data-start&quot;:&quot;1618&quot;,&quot;target&quot;:&quot;_new&quot;}\">https:\/\/www.google.com\/settings\/ads<\/a><\/strong><\/p>\n<hr data-original-attrs=\"{&quot;data-end&quot;:&quot;1660&quot;,&quot;data-start&quot;:&quot;1657&quot;}\" \/>\n<h2 data-original-attrs=\"{&quot;data-end&quot;:&quot;1694&quot;,&quot;data-start&quot;:&quot;1662&quot;}\"><strong data-original-attrs=\"{&quot;data-end&quot;:&quot;1694&quot;,&quot;data-start&quot;:&quot;1665&quot;}\">4. \u00dc\u00e7\u00fcnc\u00fc Taraf \u00c7erezleri<\/strong><\/h2>\n<p data-original-attrs=\"{&quot;data-end&quot;:&quot;1833&quot;,&quot;data-start&quot;:&quot;1695&quot;}\">Google, reklam ortaklar\u0131 ve analiz ara\u00e7lar\u0131 kendi \u00e7erezlerini kullanabilir.<br data-original-attrs=\"{&quot;data-end&quot;:&quot;1773&quot;,&quot;data-start&quot;:&quot;1770&quot;}\" \/>Bu \u00e7erezler ilgili servislerin kendi politikalar\u0131na tabidir.<\/p>\n<hr data-original-attrs=\"{&quot;data-end&quot;:&quot;1838&quot;,&quot;data-start&quot;:&quot;1835&quot;}\" \/>\n<h2 data-original-attrs=\"{&quot;data-end&quot;:&quot;1863&quot;,&quot;data-start&quot;:&quot;1840&quot;}\"><strong data-original-attrs=\"{&quot;data-end&quot;:&quot;1863&quot;,&quot;data-start&quot;:&quot;1843&quot;}\">5. De\u011fi\u015fiklikler<\/strong><\/h2>\n<p data-original-attrs=\"{&quot;data-end&quot;:&quot;1941&quot;,&quot;data-start&quot;:&quot;1864&quot;}\">Bu politika gerekti\u011finde g\u00fcncellenebilir.<br data-original-attrs=\"{&quot;data-end&quot;:&quot;1908&quot;,&quot;data-start&quot;:&quot;1905&quot;}\" \/>Yeni s\u00fcr\u00fcm bu sayfada yay\u0131nlan\u0131r.<\/p>\n","protected":false},"excerpt":{"rendered":"<p>\u00c7erez Politikas\u0131 \u00c7erez Politikas\u0131 \u2013 MarketRisk Son G\u00fcncelleme: 22.11.2025 Bu \u00c7erez Politikas\u0131, MarketRisk web sitesinde kullan\u0131lan \u00e7erez t\u00fcrleri, \u00e7erezlerin nas\u0131l \u00e7al\u0131\u015ft\u0131\u011f\u0131 ve kullan\u0131c\u0131 olarak \u00e7erez tercihlerinizi nas\u0131l y\u00f6netebilece\u011finiz hakk\u0131nda bilgi sa\u011flar. 1. \u00c7erez Nedir? \u00c7erezler, bir web sitesini ziyaret etti\u011finizde&#8230; <\/p>\n","protected":false},"author":1,"featured_media":0,"parent":0,"menu_order":0,"comment_status":"closed","ping_status":"closed","template":"","meta":{"footnotes":""},"class_list":["post-83","page","type-page","status-publish","hentry"],"_links":{"self":[{"href":"https:\/\/tabildot.com.tr\/marketrisk\/wp-json\/wp\/v2\/pages\/83","targetHints":{"allow":["GET"]}}],"collection":[{"href":"https:\/\/tabildot.com.tr\/marketrisk\/wp-json\/wp\/v2\/pages"}],"about":[{"href":"https:\/\/tabildot.com.tr\/marketrisk\/wp-json\/wp\/v2\/types\/page"}],"author":[{"embeddable":true,"href":"https:\/\/tabildot.com.tr\/marketrisk\/wp-json\/wp\/v2\/users\/1"}],"replies":[{"embeddable":true,"href":"https:\/\/tabildot.com.tr\/marketrisk\/wp-json\/wp\/v2\/comments?post=83"}],"version-history":[{"count":1,"href":"https:\/\/tabildot.com.tr\/marketrisk\/wp-json\/wp\/v2\/pages\/83\/revisions"}],"predecessor-version":[{"id":84,"href":"https:\/\/tabildot.com.tr\/marketrisk\/wp-json\/wp\/v2\/pages\/83\/revisions\/84"}],"wp:attachment":[{"href":"https:\/\/tabildot.com.tr\/marketrisk\/wp-json\/wp\/v2\/media?parent=83"}],"curies":[{"name":"wp","href":"https:\/\/api.w.org\/{rel}","templated":true}]}}