{"id":89,"date":"2025-12-17T16:32:19","date_gmt":"2025-12-17T13:32:19","guid":{"rendered":"https:\/\/tabildot.com.tr\/marketrisk\/?page_id=89"},"modified":"2025-12-17T16:32:19","modified_gmt":"2025-12-17T13:32:19","slug":"hakkinda","status":"publish","type":"page","link":"https:\/\/tabildot.com.tr\/marketrisk\/hakkinda","title":{"rendered":"Hakk\u0131nda"},"content":{"rendered":"<h1 data-original-attrs=\"{&quot;style&quot;:&quot;&quot;}\"><strong data-original-attrs=\"{&quot;data-end&quot;:&quot;149&quot;,&quot;data-start&quot;:&quot;124&quot;}\">Hakk\u0131nda \u2013 MarketRisk<\/strong><\/h1>\n<p data-original-attrs=\"{&quot;data-end&quot;:&quot;454&quot;,&quot;data-start&quot;:&quot;151&quot;}\"><strong data-original-attrs=\"{&quot;data-end&quot;:&quot;165&quot;,&quot;data-start&quot;:&quot;151&quot;}\">MarketRisk<\/strong>, finans d\u00fcnyas\u0131n\u0131n karma\u015f\u0131k yap\u0131s\u0131n\u0131 sade ve anla\u015f\u0131l\u0131r bir \u015fekilde anlatmay\u0131 hedefleyen bir analiz blogudur. Amac\u0131m\u0131z; yat\u0131r\u0131mc\u0131lar\u0131n piyasalar\u0131 daha iyi takip edebilmesine, riskleri g\u00f6rmesine ve f\u0131rsatlar\u0131 zaman\u0131nda yakalayabilmesine yard\u0131mc\u0131 olacak net, veri odakl\u0131 i\u00e7erikler sunmakt\u0131r.<\/p>\n<p data-original-attrs=\"{&quot;data-end&quot;:&quot;745&quot;,&quot;data-start&quot;:&quot;456&quot;}\">Blogumuzda; hisse senedi piyasalar\u0131, \u015firket bilan\u00e7olar\u0131, makroekonomik geli\u015fmeler, emtialar, piyasa sinyalleri ve yat\u0131r\u0131mc\u0131 duyarl\u0131l\u0131\u011f\u0131 gibi \u00f6nemli konulara odaklan\u0131yoruz. Her i\u00e7erik, okuyucular\u0131n g\u00fcnl\u00fck yat\u0131r\u0131m kararlar\u0131nda kullanabilecekleri pratik bilgiler sa\u011flamak amac\u0131yla haz\u0131rlan\u0131r.<\/p>\n<p data-original-attrs=\"{&quot;data-end&quot;:&quot;1024&quot;,&quot;data-start&quot;:&quot;747&quot;}\">MarketRisk\u2019teki yaz\u0131lar; analiz ara\u00e7lar\u0131, ara\u015ft\u0131rma y\u00f6ntemleri ve teknoloji destekli de\u011ferlendirmelerin bir araya gelmesiyle olu\u015fturulur. Finansal olaylar\u0131 \u00f6zetler, teknik ve temel verileri yorumlar ve karma\u015f\u0131k bilgileri sade, anla\u015f\u0131l\u0131r ve uygulanabilir bir forma d\u00f6n\u00fc\u015ft\u00fcr\u00fcr\u00fcz.<\/p>\n<p data-original-attrs=\"{&quot;data-end&quot;:&quot;1041&quot;,&quot;data-start&quot;:&quot;1026&quot;}\"><strong data-original-attrs=\"{&quot;data-end&quot;:&quot;1041&quot;,&quot;data-start&quot;:&quot;1026&quot;}\">Misyonumuz:<\/strong><\/p>\n<ul data-original-attrs=\"{&quot;data-end&quot;:&quot;1317&quot;,&quot;data-start&quot;:&quot;1042&quot;}\">\n<li data-original-attrs=\"{&quot;data-end&quot;:&quot;1088&quot;,&quot;data-start&quot;:&quot;1042&quot;}\">\n<p data-original-attrs=\"{&quot;data-end&quot;:&quot;1088&quot;,&quot;data-start&quot;:&quot;1044&quot;}\"><strong data-original-attrs=\"{&quot;data-end&quot;:&quot;1086&quot;,&quot;data-start&quot;:&quot;1044&quot;}\">Piyasalar\u0131 anla\u015f\u0131l\u0131r \u015fekilde \u00f6zetlemek<\/strong><\/p>\n<\/li>\n<li data-original-attrs=\"{&quot;data-end&quot;:&quot;1134&quot;,&quot;data-start&quot;:&quot;1089&quot;}\">\n<p data-original-attrs=\"{&quot;data-end&quot;:&quot;1134&quot;,&quot;data-start&quot;:&quot;1091&quot;}\"><strong data-original-attrs=\"{&quot;data-end&quot;:&quot;1132&quot;,&quot;data-start&quot;:&quot;1091&quot;}\">Finansal kavramlar\u0131 basit\u00e7e a\u00e7\u0131klamak<\/strong><\/p>\n<\/li>\n<li data-original-attrs=\"{&quot;data-end&quot;:&quot;1185&quot;,&quot;data-start&quot;:&quot;1135&quot;}\">\n<p data-original-attrs=\"{&quot;data-end&quot;:&quot;1185&quot;,&quot;data-start&quot;:&quot;1137&quot;}\"><strong data-original-attrs=\"{&quot;data-end&quot;:&quot;1183&quot;,&quot;data-start&quot;:&quot;1137&quot;}\">Objektif ve bilgiye dayal\u0131 yorumlar sunmak<\/strong><\/p>\n<\/li>\n<li data-original-attrs=\"{&quot;data-end&quot;:&quot;1242&quot;,&quot;data-start&quot;:&quot;1186&quot;}\">\n<p data-original-attrs=\"{&quot;data-end&quot;:&quot;1242&quot;,&quot;data-start&quot;:&quot;1188&quot;}\"><strong data-original-attrs=\"{&quot;data-end&quot;:&quot;1240&quot;,&quot;data-start&quot;:&quot;1188&quot;}\">G\u00fcnl\u00fck ve haftal\u0131k piyasa g\u00f6r\u00fcn\u00fcmleri haz\u0131rlamak<\/strong><\/p>\n<\/li>\n<li data-original-attrs=\"{&quot;data-end&quot;:&quot;1317&quot;,&quot;data-start&quot;:&quot;1243&quot;}\">\n<p data-original-attrs=\"{&quot;data-end&quot;:&quot;1317&quot;,&quot;data-start&quot;:&quot;1245&quot;}\"><strong data-original-attrs=\"{&quot;data-end&quot;:&quot;1317&quot;,&quot;data-start&quot;:&quot;1245&quot;}\">Yat\u0131r\u0131mc\u0131lar\u0131n takip etmesi gereken sinyal ve riskleri ortaya koymak<\/strong><\/p>\n<\/li>\n<\/ul>\n<p data-original-attrs=\"{&quot;data-end&quot;:&quot;1530&quot;,&quot;data-start&quot;:&quot;1319&quot;}\"><strong data-original-attrs=\"{&quot;data-end&quot;:&quot;1333&quot;,&quot;data-start&quot;:&quot;1319&quot;}\">MarketRisk<\/strong>, piyasalar\u0131 daha bilin\u00e7li takip etmek isteyen herkese hitap eder:<br data-original-attrs=\"{&quot;data-end&quot;:&quot;1402&quot;,&quot;data-start&quot;:&quot;1399&quot;}\" \/>\u0130ster yeni ba\u015flayan yat\u0131r\u0131mc\u0131 olun, ister deneyimli bir trader; hedefimiz size h\u0131zl\u0131, g\u00fcvenilir ve anla\u015f\u0131l\u0131r bilgiler sunmakt\u0131r.<\/p>\n<p data-original-attrs=\"{&quot;data-end&quot;:&quot;1687&quot;,&quot;data-start&quot;:&quot;1532&quot;}\">MarketRisk\u2019i ziyaret etti\u011finiz i\u00e7in te\u015fekk\u00fcr ederiz.<br data-original-attrs=\"{&quot;data-end&quot;:&quot;1587&quot;,&quot;data-start&quot;:&quot;1584&quot;}\" \/>Umar\u0131z analizlerimiz, piyasalar\u0131 daha net g\u00f6rmenize ve daha sa\u011fl\u0131kl\u0131 kararlar alman\u0131za katk\u0131 sa\u011flar.<\/p>\n","protected":false},"excerpt":{"rendered":"<p>Hakk\u0131nda \u2013 MarketRisk MarketRisk, finans d\u00fcnyas\u0131n\u0131n karma\u015f\u0131k yap\u0131s\u0131n\u0131 sade ve anla\u015f\u0131l\u0131r bir \u015fekilde anlatmay\u0131 hedefleyen bir analiz blogudur. Amac\u0131m\u0131z; yat\u0131r\u0131mc\u0131lar\u0131n piyasalar\u0131 daha iyi takip edebilmesine, riskleri g\u00f6rmesine ve f\u0131rsatlar\u0131 zaman\u0131nda yakalayabilmesine yard\u0131mc\u0131 olacak net, veri odakl\u0131 i\u00e7erikler sunmakt\u0131r. Blogumuzda; hisse&#8230; <\/p>\n","protected":false},"author":1,"featured_media":0,"parent":0,"menu_order":0,"comment_status":"closed","ping_status":"closed","template":"","meta":{"footnotes":""},"class_list":["post-89","page","type-page","status-publish","hentry"],"_links":{"self":[{"href":"https:\/\/tabildot.com.tr\/marketrisk\/wp-json\/wp\/v2\/pages\/89","targetHints":{"allow":["GET"]}}],"collection":[{"href":"https:\/\/tabildot.com.tr\/marketrisk\/wp-json\/wp\/v2\/pages"}],"about":[{"href":"https:\/\/tabildot.com.tr\/marketrisk\/wp-json\/wp\/v2\/types\/page"}],"author":[{"embeddable":true,"href":"https:\/\/tabildot.com.tr\/marketrisk\/wp-json\/wp\/v2\/users\/1"}],"replies":[{"embeddable":true,"href":"https:\/\/tabildot.com.tr\/marketrisk\/wp-json\/wp\/v2\/comments?post=89"}],"version-history":[{"count":1,"href":"https:\/\/tabildot.com.tr\/marketrisk\/wp-json\/wp\/v2\/pages\/89\/revisions"}],"predecessor-version":[{"id":90,"href":"https:\/\/tabildot.com.tr\/marketrisk\/wp-json\/wp\/v2\/pages\/89\/revisions\/90"}],"wp:attachment":[{"href":"https:\/\/tabildot.com.tr\/marketrisk\/wp-json\/wp\/v2\/media?parent=89"}],"curies":[{"name":"wp","href":"https:\/\/api.w.org\/{rel}","templated":true}]}}