{"id":60,"date":"2026-01-29T00:35:32","date_gmt":"2026-01-28T21:35:32","guid":{"rendered":"https:\/\/tabildot.com.tr\/marketriskustr\/?page_id=60"},"modified":"2026-01-29T00:35:32","modified_gmt":"2026-01-28T21:35:32","slug":"hakkinda","status":"publish","type":"page","link":"https:\/\/tabildot.com.tr\/marketriskustr\/hakkinda","title":{"rendered":"Hakk\u0131nda"},"content":{"rendered":"<div id=\"model-response-message-contentr_cba66e900ede8d8e\" class=\"markdown markdown-main-panel enable-updated-hr-color\" dir=\"ltr\" aria-live=\"polite\" aria-busy=\"false\">\n<p data-path-to-node=\"0\">\n<h2 data-path-to-node=\"2\">Hakk\u0131nda \u2013 MarketRiskEn-tr<\/h2>\n<p data-path-to-node=\"3\"><b data-path-to-node=\"3\" data-index-in-node=\"0\">MarketRiskEn-tr<\/b>, finans d\u00fcnyas\u0131n\u0131n karma\u015f\u0131k ve g\u00fcr\u00fclt\u00fcl\u00fc yap\u0131s\u0131n\u0131 profesyonel bir s\u00fczge\u00e7ten ge\u00e7irerek, yat\u0131r\u0131mc\u0131lara berrak bir bak\u0131\u015f a\u00e7\u0131s\u0131 sunmay\u0131 hedefleyen yeni nesil bir analiz platformudur. Amac\u0131m\u0131z; k\u00fcresel ve yerel piyasalardaki riskleri g\u00f6r\u00fcn\u00fcr k\u0131lmak, veri odakl\u0131 i\u00e7eriklerle yat\u0131r\u0131mc\u0131lar\u0131n do\u011fru zamanda, do\u011fru kararlar almas\u0131na rehberlik etmektir.<\/p>\n<p data-path-to-node=\"4\"><b data-path-to-node=\"4\" data-index-in-node=\"0\">MarketRiskEn-tr<\/b> \u00e7at\u0131s\u0131 alt\u0131nda; sadece rakamlar\u0131 de\u011fil, o rakamlar\u0131n arkas\u0131ndaki makroekonomik hikayeyi, \u015firket bilan\u00e7olar\u0131ndaki kritik detaylar\u0131 ve piyasa sinyallerini inceliyoruz.<\/p>\n<h3 data-path-to-node=\"5\">Odak Alanlar\u0131m\u0131z<\/h3>\n<p data-path-to-node=\"6\">Piyasan\u0131n nabz\u0131n\u0131 tutarken \u015fu temel ba\u015fl\u0131klara yo\u011funla\u015f\u0131yoruz:<\/p>\n<ul data-path-to-node=\"7\">\n<li>\n<p data-path-to-node=\"7,0,0\"><b data-path-to-node=\"7,0,0\" data-index-in-node=\"0\">Hisse Senedi &amp; Sekt\u00f6rel Analizler:<\/b> \u015eirket performanslar\u0131n\u0131 temel ve teknik verilerle derinlemesine inceliyoruz.<\/p>\n<\/li>\n<li>\n<p data-path-to-node=\"7,1,0\"><b data-path-to-node=\"7,1,0\" data-index-in-node=\"0\">Makro Dinamikler:<\/b> K\u00fcresel ekonomideki de\u011fi\u015fimlerin T\u00fcrkiye ve d\u00fcnya piyasalar\u0131na yans\u0131mas\u0131.<\/p>\n<\/li>\n<li>\n<p data-path-to-node=\"7,2,0\"><b data-path-to-node=\"7,2,0\" data-index-in-node=\"0\">Emtia &amp; Piyasa Sinyalleri:<\/b> Alt\u0131n, d\u00f6viz ve emtia piyasalar\u0131ndaki kritik de\u011fi\u015fim noktalar\u0131.<\/p>\n<\/li>\n<li>\n<p data-path-to-node=\"7,3,0\"><b data-path-to-node=\"7,3,0\" data-index-in-node=\"0\">Yat\u0131r\u0131mc\u0131 Duyarl\u0131l\u0131\u011f\u0131:<\/b> Piyasa psikolojisini okuyarak kalabal\u0131klar\u0131n aksine stratejik bir duru\u015f sergileme.<\/p>\n<\/li>\n<\/ul>\n<h3 data-path-to-node=\"8\">MarketRiskEn-tr Vizyonu<\/h3>\n<p data-path-to-node=\"9\">\u0130\u00e7eriklerimizi olu\u015ftururken modern analiz ara\u00e7lar\u0131n\u0131, ara\u015ft\u0131rma metodolojilerini ve teknoloji destekli de\u011ferlendirmeleri bir araya getiriyoruz. Karma\u015f\u0131k finansal verileri; sade, uygulanabilir ve her seviyeden yat\u0131r\u0131mc\u0131n\u0131n anlayabilece\u011fi bir forma d\u00f6n\u00fc\u015ft\u00fcr\u00fcyoruz.<\/p>\n<hr data-path-to-node=\"10\" \/>\n<h3 data-path-to-node=\"11\">Misyonumuz<\/h3>\n<ul data-path-to-node=\"12\">\n<li>\n<p data-path-to-node=\"12,0,0\"><b data-path-to-node=\"12,0,0\" data-index-in-node=\"0\">Veri Odakl\u0131l\u0131k:<\/b> Duygusal kararlar yerine, objektif verilere dayal\u0131 piyasa yorumlar\u0131 sunmak.<\/p>\n<\/li>\n<li>\n<p data-path-to-node=\"12,1,0\"><b data-path-to-node=\"12,1,0\" data-index-in-node=\"0\">Sadele\u015ftirme:<\/b> Finansal kavramlar\u0131 herkes i\u00e7in anla\u015f\u0131l\u0131r k\u0131larak finansal okuryazarl\u0131\u011fa katk\u0131 sa\u011flamak.<\/p>\n<\/li>\n<li>\n<p data-path-to-node=\"12,2,0\"><b data-path-to-node=\"12,2,0\" data-index-in-node=\"0\">Risk Y\u00f6netimi:<\/b> Yat\u0131r\u0131mc\u0131lar\u0131n takip etmesi gereken kritik sinyalleri ve olas\u0131 riskleri \u00f6nceden ortaya koymak.<\/p>\n<\/li>\n<li>\n<p data-path-to-node=\"12,3,0\"><b data-path-to-node=\"12,3,0\" data-index-in-node=\"0\">G\u00fcncel G\u00f6r\u00fcn\u00fcm:<\/b> G\u00fcnl\u00fck ve haftal\u0131k b\u00fcltenlerle piyasa takibini kolayla\u015ft\u0131rmak.<\/p>\n<\/li>\n<\/ul>\n<blockquote data-path-to-node=\"13\">\n<p data-path-to-node=\"13,0\"><b data-path-to-node=\"13,0\" data-index-in-node=\"0\">MarketRiskEn-tr<\/b>, piyasay\u0131 sadece izlemek de\u011fil, onu do\u011fru anlamak isteyen herkesin yan\u0131ndad\u0131r.<\/p>\n<\/blockquote>\n<p data-path-to-node=\"14\">\u0130ster piyasaya yeni ad\u0131m atm\u0131\u015f bir merakl\u0131, ister y\u0131llar\u0131n deneyimine sahip bir trader olun; <b data-path-to-node=\"14\" data-index-in-node=\"93\">MarketRiskEn-tr<\/b> size h\u0131zl\u0131, g\u00fcvenilir ve stratejik bilgi sunma s\u00f6z\u00fc verir.<\/p>\n<p data-path-to-node=\"15\">Ziyaretiniz i\u00e7in te\u015fekk\u00fcr ederiz. Analizlerimizin, piyasalar\u0131 daha net g\u00f6rmenize ve daha rasyonel kararlar alman\u0131za katk\u0131 sa\u011flamas\u0131n\u0131 dileriz.<\/p>\n<\/div>\n","protected":false},"excerpt":{"rendered":"<p>Hakk\u0131nda \u2013 MarketRiskEn-tr MarketRiskEn-tr, finans d\u00fcnyas\u0131n\u0131n karma\u015f\u0131k ve g\u00fcr\u00fclt\u00fcl\u00fc yap\u0131s\u0131n\u0131 profesyonel bir s\u00fczge\u00e7ten ge\u00e7irerek, yat\u0131r\u0131mc\u0131lara berrak bir bak\u0131\u015f a\u00e7\u0131s\u0131 sunmay\u0131 hedefleyen yeni nesil bir analiz platformudur. Amac\u0131m\u0131z; k\u00fcresel ve yerel piyasalardaki riskleri g\u00f6r\u00fcn\u00fcr k\u0131lmak, veri odakl\u0131 i\u00e7eriklerle yat\u0131r\u0131mc\u0131lar\u0131n do\u011fru zamanda,&#8230; <\/p>\n","protected":false},"author":1,"featured_media":0,"parent":0,"menu_order":0,"comment_status":"closed","ping_status":"closed","template":"","meta":{"footnotes":""},"class_list":["post-60","page","type-page","status-publish","hentry"],"_links":{"self":[{"href":"https:\/\/tabildot.com.tr\/marketriskustr\/wp-json\/wp\/v2\/pages\/60","targetHints":{"allow":["GET"]}}],"collection":[{"href":"https:\/\/tabildot.com.tr\/marketriskustr\/wp-json\/wp\/v2\/pages"}],"about":[{"href":"https:\/\/tabildot.com.tr\/marketriskustr\/wp-json\/wp\/v2\/types\/page"}],"author":[{"embeddable":true,"href":"https:\/\/tabildot.com.tr\/marketriskustr\/wp-json\/wp\/v2\/users\/1"}],"replies":[{"embeddable":true,"href":"https:\/\/tabildot.com.tr\/marketriskustr\/wp-json\/wp\/v2\/comments?post=60"}],"version-history":[{"count":1,"href":"https:\/\/tabildot.com.tr\/marketriskustr\/wp-json\/wp\/v2\/pages\/60\/revisions"}],"predecessor-version":[{"id":61,"href":"https:\/\/tabildot.com.tr\/marketriskustr\/wp-json\/wp\/v2\/pages\/60\/revisions\/61"}],"wp:attachment":[{"href":"https:\/\/tabildot.com.tr\/marketriskustr\/wp-json\/wp\/v2\/media?parent=60"}],"curies":[{"name":"wp","href":"https:\/\/api.w.org\/{rel}","templated":true}]}}